{"id":749,"date":"2019-03-07T11:39:30","date_gmt":"2019-03-07T10:39:30","guid":{"rendered":"http:\/\/kwartet.com.pl\/?page_id=749"},"modified":"2019-03-07T11:39:31","modified_gmt":"2019-03-07T10:39:31","slug":"beglaubigte-ubersetzungen","status":"publish","type":"page","link":"http:\/\/kwartet.com.pl\/de\/dienstleistungen\/beglaubigte-ubersetzungen\/","title":{"rendered":"Beglaubigte \u00dcbersetzungen"},"content":{"rendered":"\n<blockquote class=\"wp-block-quote\"><p>\u00dcbersetzungs- und Dolmetschleistungen von\u00a0 vereidigten \u00dcbersetzern f\u00fcr\u00a0 \u00c4mter, Gerichte und andere Institutionen.<\/p><\/blockquote>\n\n\n\n<p>Wir arbeiten mit\nvereidigten \u00dcbersetzern aller Sprachen.<\/p>\n\n\n\n<p>Dar\u00fcber hinaus\nbieten wir die M\u00f6glichkeit, eine bestehende \u00dcbersetzung durch einen vereidigten\n\u00dcbersetzer zu beglaubigen und zus\u00e4tzliche beglaubigte Kopien von fr\u00fcher\n\u00fcbersetzten Dokumenten auszustellen.<\/p>\n","protected":false},"excerpt":{"rendered":"<p>\u00dcbersetzungs- und Dolmetschleistungen von\u00a0 vereidigten \u00dcbersetzern f\u00fcr\u00a0 \u00c4mter, Gerichte und andere Institutionen. Wir arbeiten mit vereidigten \u00dcbersetzern aller Sprachen. Dar\u00fcber hinaus bieten wir die M\u00f6glichkeit, eine bestehende \u00dcbersetzung durch einen vereidigten \u00dcbersetzer zu beglaubigen und zus\u00e4tzliche beglaubigte Kopien von fr\u00fcher \u00fcbersetzten Dokumenten auszustellen.<\/p>\n","protected":false},"author":2,"featured_media":795,"parent":743,"menu_order":0,"comment_status":"closed","ping_status":"closed","template":"","meta":{"footnotes":""},"acf":[],"yoast_head":"<!-- This site is optimized with the Yoast SEO plugin v20.13 - https:\/\/yoast.com\/wordpress\/plugins\/seo\/ -->\n<title>Beglaubigte \u00dcbersetzungen - Kwartet<\/title>\n<meta name=\"robots\" content=\"index, follow, max-snippet:-1, max-image-preview:large, max-video-preview:-1\" \/>\n<link rel=\"canonical\" href=\"http:\/\/kwartet.com.pl\/de\/dienstleistungen\/beglaubigte-ubersetzungen\/\" \/>\n<meta property=\"og:locale\" content=\"de_DE\" \/>\n<meta property=\"og:type\" content=\"article\" \/>\n<meta property=\"og:title\" content=\"Beglaubigte \u00dcbersetzungen - Kwartet\" \/>\n<meta property=\"og:description\" content=\"\u00dcbersetzungs- und Dolmetschleistungen von\u00a0 vereidigten \u00dcbersetzern f\u00fcr\u00a0 \u00c4mter, Gerichte und andere Institutionen. Wir arbeiten mit vereidigten \u00dcbersetzern aller Sprachen. Dar\u00fcber hinaus bieten wir die M\u00f6glichkeit, eine bestehende \u00dcbersetzung durch einen vereidigten \u00dcbersetzer zu beglaubigen und zus\u00e4tzliche beglaubigte Kopien von fr\u00fcher \u00fcbersetzten Dokumenten auszustellen.\" \/>\n<meta property=\"og:url\" content=\"http:\/\/kwartet.com.pl\/de\/dienstleistungen\/beglaubigte-ubersetzungen\/\" \/>\n<meta property=\"og:site_name\" content=\"Kwartet\" \/>\n<meta property=\"article:modified_time\" content=\"2019-03-07T10:39:31+00:00\" \/>\n<meta property=\"og:image\" content=\"http:\/\/kwartet.com.pl\/wp-content\/uploads\/2019\/03\/bw.jpg\" \/>\n\t<meta property=\"og:image:width\" content=\"4032\" \/>\n\t<meta property=\"og:image:height\" content=\"2078\" \/>\n\t<meta property=\"og:image:type\" content=\"image\/jpeg\" \/>\n<meta name=\"twitter:card\" content=\"summary_large_image\" \/>\n<script type=\"application\/ld+json\" class=\"yoast-schema-graph\">{\"@context\":\"https:\/\/schema.org\",\"@graph\":[{\"@type\":\"WebPage\",\"@id\":\"http:\/\/kwartet.com.pl\/de\/dienstleistungen\/beglaubigte-ubersetzungen\/\",\"url\":\"http:\/\/kwartet.com.pl\/de\/dienstleistungen\/beglaubigte-ubersetzungen\/\",\"name\":\"Beglaubigte \u00dcbersetzungen - Kwartet\",\"isPartOf\":{\"@id\":\"http:\/\/kwartet.com.pl\/#website\"},\"datePublished\":\"2019-03-07T10:39:30+00:00\",\"dateModified\":\"2019-03-07T10:39:31+00:00\",\"breadcrumb\":{\"@id\":\"http:\/\/kwartet.com.pl\/de\/dienstleistungen\/beglaubigte-ubersetzungen\/#breadcrumb\"},\"inLanguage\":\"de\",\"potentialAction\":[{\"@type\":\"ReadAction\",\"target\":[\"http:\/\/kwartet.com.pl\/de\/dienstleistungen\/beglaubigte-ubersetzungen\/\"]}]},{\"@type\":\"BreadcrumbList\",\"@id\":\"http:\/\/kwartet.com.pl\/de\/dienstleistungen\/beglaubigte-ubersetzungen\/#breadcrumb\",\"itemListElement\":[{\"@type\":\"ListItem\",\"position\":1,\"name\":\"Strona g\u0142\u00f3wna\",\"item\":\"http:\/\/kwartet.com.pl\/de\/\"},{\"@type\":\"ListItem\",\"position\":2,\"name\":\"Dienstleistungen\",\"item\":\"http:\/\/kwartet.com.pl\/de\/dienstleistungen\/\"},{\"@type\":\"ListItem\",\"position\":3,\"name\":\"Beglaubigte \u00dcbersetzungen\"}]},{\"@type\":\"WebSite\",\"@id\":\"http:\/\/kwartet.com.pl\/#website\",\"url\":\"http:\/\/kwartet.com.pl\/\",\"name\":\"Kwartet\",\"description\":\"\",\"publisher\":{\"@id\":\"http:\/\/kwartet.com.pl\/#organization\"},\"potentialAction\":[{\"@type\":\"SearchAction\",\"target\":{\"@type\":\"EntryPoint\",\"urlTemplate\":\"http:\/\/kwartet.com.pl\/?s={search_term_string}\"},\"query-input\":\"required name=search_term_string\"}],\"inLanguage\":\"de\"},{\"@type\":\"Organization\",\"@id\":\"http:\/\/kwartet.com.pl\/#organization\",\"name\":\"Kwartet\",\"url\":\"http:\/\/kwartet.com.pl\/\",\"logo\":{\"@type\":\"ImageObject\",\"inLanguage\":\"de\",\"@id\":\"http:\/\/kwartet.com.pl\/#\/schema\/logo\/image\/\",\"url\":\"http:\/\/kwartet.com.pl\/wp-content\/uploads\/2019\/02\/cropped-logo.png\",\"contentUrl\":\"http:\/\/kwartet.com.pl\/wp-content\/uploads\/2019\/02\/cropped-logo.png\",\"width\":253,\"height\":124,\"caption\":\"Kwartet\"},\"image\":{\"@id\":\"http:\/\/kwartet.com.pl\/#\/schema\/logo\/image\/\"}}]}<\/script>\n<!-- \/ Yoast SEO plugin. -->","yoast_head_json":{"title":"Beglaubigte \u00dcbersetzungen - Kwartet","robots":{"index":"index","follow":"follow","max-snippet":"max-snippet:-1","max-image-preview":"max-image-preview:large","max-video-preview":"max-video-preview:-1"},"canonical":"http:\/\/kwartet.com.pl\/de\/dienstleistungen\/beglaubigte-ubersetzungen\/","og_locale":"de_DE","og_type":"article","og_title":"Beglaubigte \u00dcbersetzungen - Kwartet","og_description":"\u00dcbersetzungs- und Dolmetschleistungen von\u00a0 vereidigten \u00dcbersetzern f\u00fcr\u00a0 \u00c4mter, Gerichte und andere Institutionen. Wir arbeiten mit vereidigten \u00dcbersetzern aller Sprachen. Dar\u00fcber hinaus bieten wir die M\u00f6glichkeit, eine bestehende \u00dcbersetzung durch einen vereidigten \u00dcbersetzer zu beglaubigen und zus\u00e4tzliche beglaubigte Kopien von fr\u00fcher \u00fcbersetzten Dokumenten auszustellen.","og_url":"http:\/\/kwartet.com.pl\/de\/dienstleistungen\/beglaubigte-ubersetzungen\/","og_site_name":"Kwartet","article_modified_time":"2019-03-07T10:39:31+00:00","og_image":[{"width":4032,"height":2078,"url":"http:\/\/kwartet.com.pl\/wp-content\/uploads\/2019\/03\/bw.jpg","type":"image\/jpeg"}],"twitter_card":"summary_large_image","schema":{"@context":"https:\/\/schema.org","@graph":[{"@type":"WebPage","@id":"http:\/\/kwartet.com.pl\/de\/dienstleistungen\/beglaubigte-ubersetzungen\/","url":"http:\/\/kwartet.com.pl\/de\/dienstleistungen\/beglaubigte-ubersetzungen\/","name":"Beglaubigte \u00dcbersetzungen - Kwartet","isPartOf":{"@id":"http:\/\/kwartet.com.pl\/#website"},"datePublished":"2019-03-07T10:39:30+00:00","dateModified":"2019-03-07T10:39:31+00:00","breadcrumb":{"@id":"http:\/\/kwartet.com.pl\/de\/dienstleistungen\/beglaubigte-ubersetzungen\/#breadcrumb"},"inLanguage":"de","potentialAction":[{"@type":"ReadAction","target":["http:\/\/kwartet.com.pl\/de\/dienstleistungen\/beglaubigte-ubersetzungen\/"]}]},{"@type":"BreadcrumbList","@id":"http:\/\/kwartet.com.pl\/de\/dienstleistungen\/beglaubigte-ubersetzungen\/#breadcrumb","itemListElement":[{"@type":"ListItem","position":1,"name":"Strona g\u0142\u00f3wna","item":"http:\/\/kwartet.com.pl\/de\/"},{"@type":"ListItem","position":2,"name":"Dienstleistungen","item":"http:\/\/kwartet.com.pl\/de\/dienstleistungen\/"},{"@type":"ListItem","position":3,"name":"Beglaubigte \u00dcbersetzungen"}]},{"@type":"WebSite","@id":"http:\/\/kwartet.com.pl\/#website","url":"http:\/\/kwartet.com.pl\/","name":"Kwartet","description":"","publisher":{"@id":"http:\/\/kwartet.com.pl\/#organization"},"potentialAction":[{"@type":"SearchAction","target":{"@type":"EntryPoint","urlTemplate":"http:\/\/kwartet.com.pl\/?s={search_term_string}"},"query-input":"required name=search_term_string"}],"inLanguage":"de"},{"@type":"Organization","@id":"http:\/\/kwartet.com.pl\/#organization","name":"Kwartet","url":"http:\/\/kwartet.com.pl\/","logo":{"@type":"ImageObject","inLanguage":"de","@id":"http:\/\/kwartet.com.pl\/#\/schema\/logo\/image\/","url":"http:\/\/kwartet.com.pl\/wp-content\/uploads\/2019\/02\/cropped-logo.png","contentUrl":"http:\/\/kwartet.com.pl\/wp-content\/uploads\/2019\/02\/cropped-logo.png","width":253,"height":124,"caption":"Kwartet"},"image":{"@id":"http:\/\/kwartet.com.pl\/#\/schema\/logo\/image\/"}}]}},"_links":{"self":[{"href":"http:\/\/kwartet.com.pl\/de\/wp-json\/wp\/v2\/pages\/749\/"}],"collection":[{"href":"http:\/\/kwartet.com.pl\/de\/wp-json\/wp\/v2\/pages\/"}],"about":[{"href":"http:\/\/kwartet.com.pl\/de\/wp-json\/wp\/v2\/types\/page\/"}],"author":[{"embeddable":true,"href":"http:\/\/kwartet.com.pl\/de\/wp-json\/wp\/v2\/users\/2\/"}],"replies":[{"embeddable":true,"href":"http:\/\/kwartet.com.pl\/de\/wp-json\/wp\/v2\/comments\/?post=749"}],"version-history":[{"count":1,"href":"http:\/\/kwartet.com.pl\/de\/wp-json\/wp\/v2\/pages\/749\/revisions\/"}],"predecessor-version":[{"id":750,"href":"http:\/\/kwartet.com.pl\/de\/wp-json\/wp\/v2\/pages\/749\/revisions\/750\/"}],"up":[{"embeddable":true,"href":"http:\/\/kwartet.com.pl\/de\/wp-json\/wp\/v2\/pages\/743\/"}],"wp:featuredmedia":[{"embeddable":true,"href":"http:\/\/kwartet.com.pl\/de\/wp-json\/wp\/v2\/media\/795\/"}],"wp:attachment":[{"href":"http:\/\/kwartet.com.pl\/de\/wp-json\/wp\/v2\/media\/?parent=749"}],"curies":[{"name":"wp","href":"https:\/\/api.w.org\/{rel}","templated":true}]}}