{"id":747,"date":"2019-03-07T11:38:21","date_gmt":"2019-03-07T10:38:21","guid":{"rendered":"http:\/\/kwartet.com.pl\/?page_id=747"},"modified":"2019-03-07T11:38:22","modified_gmt":"2019-03-07T10:38:22","slug":"dolmetschdienstleistungen","status":"publish","type":"page","link":"http:\/\/kwartet.com.pl\/de\/dienstleistungen\/dolmetschdienstleistungen\/","title":{"rendered":"Dolmetschdienstleistungen"},"content":{"rendered":"\n<p>Wir bieten an:<\/p>\n\n\n\n<ul><li>Simultandolmetschen\/Konferenzdolmetschen<\/li><li>Konsekutiv-Dolmetschen, Betreuung von Reisen <\/li><li>Betreuung von Ausl\u00e4ndern w\u00e4hrend ihres Aufenthalts in Polen<\/li><li>andere individuell vereinbarte Dolmetschleistungen<\/li><\/ul>\n\n\n\n<p>Wir arbeiten mit\neinem Team von engagierten Fachdolmetschern, die \u00fcber umfangreiche Erfahrung\nbei der Betreuung von Konferenzen und Gesch\u00e4ftstreffen f\u00fcr Kunden aus vielen\nverschiedenen Branchen verf\u00fcgen.<\/p>\n\n\n\n<p>Auf Wunsch\nstellen wir Ihnen auch professionelle Dolmetschertechnik zur Verf\u00fcgung.<\/p>\n","protected":false},"excerpt":{"rendered":"<p>Wir bieten an: Simultandolmetschen\/Konferenzdolmetschen Konsekutiv-Dolmetschen, Betreuung von Reisen Betreuung von Ausl\u00e4ndern w\u00e4hrend ihres Aufenthalts in Polen andere individuell vereinbarte Dolmetschleistungen Wir arbeiten mit einem Team von engagierten Fachdolmetschern, die \u00fcber umfangreiche Erfahrung bei der Betreuung von Konferenzen und Gesch\u00e4ftstreffen f\u00fcr Kunden aus vielen verschiedenen Branchen verf\u00fcgen. Auf Wunsch stellen wir [&hellip;]<\/p>\n","protected":false},"author":2,"featured_media":795,"parent":743,"menu_order":0,"comment_status":"closed","ping_status":"closed","template":"","meta":{"footnotes":""},"acf":[],"yoast_head":"<!-- This site is optimized with the Yoast SEO plugin v20.13 - https:\/\/yoast.com\/wordpress\/plugins\/seo\/ -->\n<title>Dolmetschdienstleistungen - Kwartet<\/title>\n<meta name=\"robots\" content=\"index, follow, max-snippet:-1, max-image-preview:large, max-video-preview:-1\" \/>\n<link rel=\"canonical\" href=\"http:\/\/kwartet.com.pl\/de\/dienstleistungen\/dolmetschdienstleistungen\/\" \/>\n<meta property=\"og:locale\" content=\"de_DE\" \/>\n<meta property=\"og:type\" content=\"article\" \/>\n<meta property=\"og:title\" content=\"Dolmetschdienstleistungen - Kwartet\" \/>\n<meta property=\"og:description\" content=\"Wir bieten an: Simultandolmetschen\/Konferenzdolmetschen Konsekutiv-Dolmetschen, Betreuung von Reisen Betreuung von Ausl\u00e4ndern w\u00e4hrend ihres Aufenthalts in Polen andere individuell vereinbarte Dolmetschleistungen Wir arbeiten mit einem Team von engagierten Fachdolmetschern, die \u00fcber umfangreiche Erfahrung bei der Betreuung von Konferenzen und Gesch\u00e4ftstreffen f\u00fcr Kunden aus vielen verschiedenen Branchen verf\u00fcgen. Auf Wunsch stellen wir [&hellip;]\" \/>\n<meta property=\"og:url\" content=\"http:\/\/kwartet.com.pl\/de\/dienstleistungen\/dolmetschdienstleistungen\/\" \/>\n<meta property=\"og:site_name\" content=\"Kwartet\" \/>\n<meta property=\"article:modified_time\" content=\"2019-03-07T10:38:22+00:00\" \/>\n<meta property=\"og:image\" content=\"http:\/\/kwartet.com.pl\/wp-content\/uploads\/2019\/03\/bw.jpg\" \/>\n\t<meta property=\"og:image:width\" content=\"4032\" \/>\n\t<meta property=\"og:image:height\" content=\"2078\" \/>\n\t<meta property=\"og:image:type\" content=\"image\/jpeg\" \/>\n<meta name=\"twitter:card\" content=\"summary_large_image\" \/>\n<script type=\"application\/ld+json\" class=\"yoast-schema-graph\">{\"@context\":\"https:\/\/schema.org\",\"@graph\":[{\"@type\":\"WebPage\",\"@id\":\"http:\/\/kwartet.com.pl\/de\/dienstleistungen\/dolmetschdienstleistungen\/\",\"url\":\"http:\/\/kwartet.com.pl\/de\/dienstleistungen\/dolmetschdienstleistungen\/\",\"name\":\"Dolmetschdienstleistungen - Kwartet\",\"isPartOf\":{\"@id\":\"http:\/\/kwartet.com.pl\/#website\"},\"datePublished\":\"2019-03-07T10:38:21+00:00\",\"dateModified\":\"2019-03-07T10:38:22+00:00\",\"breadcrumb\":{\"@id\":\"http:\/\/kwartet.com.pl\/de\/dienstleistungen\/dolmetschdienstleistungen\/#breadcrumb\"},\"inLanguage\":\"de\",\"potentialAction\":[{\"@type\":\"ReadAction\",\"target\":[\"http:\/\/kwartet.com.pl\/de\/dienstleistungen\/dolmetschdienstleistungen\/\"]}]},{\"@type\":\"BreadcrumbList\",\"@id\":\"http:\/\/kwartet.com.pl\/de\/dienstleistungen\/dolmetschdienstleistungen\/#breadcrumb\",\"itemListElement\":[{\"@type\":\"ListItem\",\"position\":1,\"name\":\"Strona g\u0142\u00f3wna\",\"item\":\"http:\/\/kwartet.com.pl\/de\/\"},{\"@type\":\"ListItem\",\"position\":2,\"name\":\"Dienstleistungen\",\"item\":\"http:\/\/kwartet.com.pl\/de\/dienstleistungen\/\"},{\"@type\":\"ListItem\",\"position\":3,\"name\":\"Dolmetschdienstleistungen\"}]},{\"@type\":\"WebSite\",\"@id\":\"http:\/\/kwartet.com.pl\/#website\",\"url\":\"http:\/\/kwartet.com.pl\/\",\"name\":\"Kwartet\",\"description\":\"\",\"publisher\":{\"@id\":\"http:\/\/kwartet.com.pl\/#organization\"},\"potentialAction\":[{\"@type\":\"SearchAction\",\"target\":{\"@type\":\"EntryPoint\",\"urlTemplate\":\"http:\/\/kwartet.com.pl\/?s={search_term_string}\"},\"query-input\":\"required name=search_term_string\"}],\"inLanguage\":\"de\"},{\"@type\":\"Organization\",\"@id\":\"http:\/\/kwartet.com.pl\/#organization\",\"name\":\"Kwartet\",\"url\":\"http:\/\/kwartet.com.pl\/\",\"logo\":{\"@type\":\"ImageObject\",\"inLanguage\":\"de\",\"@id\":\"http:\/\/kwartet.com.pl\/#\/schema\/logo\/image\/\",\"url\":\"http:\/\/kwartet.com.pl\/wp-content\/uploads\/2019\/02\/cropped-logo.png\",\"contentUrl\":\"http:\/\/kwartet.com.pl\/wp-content\/uploads\/2019\/02\/cropped-logo.png\",\"width\":253,\"height\":124,\"caption\":\"Kwartet\"},\"image\":{\"@id\":\"http:\/\/kwartet.com.pl\/#\/schema\/logo\/image\/\"}}]}<\/script>\n<!-- \/ Yoast SEO plugin. -->","yoast_head_json":{"title":"Dolmetschdienstleistungen - Kwartet","robots":{"index":"index","follow":"follow","max-snippet":"max-snippet:-1","max-image-preview":"max-image-preview:large","max-video-preview":"max-video-preview:-1"},"canonical":"http:\/\/kwartet.com.pl\/de\/dienstleistungen\/dolmetschdienstleistungen\/","og_locale":"de_DE","og_type":"article","og_title":"Dolmetschdienstleistungen - Kwartet","og_description":"Wir bieten an: Simultandolmetschen\/Konferenzdolmetschen Konsekutiv-Dolmetschen, Betreuung von Reisen Betreuung von Ausl\u00e4ndern w\u00e4hrend ihres Aufenthalts in Polen andere individuell vereinbarte Dolmetschleistungen Wir arbeiten mit einem Team von engagierten Fachdolmetschern, die \u00fcber umfangreiche Erfahrung bei der Betreuung von Konferenzen und Gesch\u00e4ftstreffen f\u00fcr Kunden aus vielen verschiedenen Branchen verf\u00fcgen. Auf Wunsch stellen wir [&hellip;]","og_url":"http:\/\/kwartet.com.pl\/de\/dienstleistungen\/dolmetschdienstleistungen\/","og_site_name":"Kwartet","article_modified_time":"2019-03-07T10:38:22+00:00","og_image":[{"width":4032,"height":2078,"url":"http:\/\/kwartet.com.pl\/wp-content\/uploads\/2019\/03\/bw.jpg","type":"image\/jpeg"}],"twitter_card":"summary_large_image","schema":{"@context":"https:\/\/schema.org","@graph":[{"@type":"WebPage","@id":"http:\/\/kwartet.com.pl\/de\/dienstleistungen\/dolmetschdienstleistungen\/","url":"http:\/\/kwartet.com.pl\/de\/dienstleistungen\/dolmetschdienstleistungen\/","name":"Dolmetschdienstleistungen - Kwartet","isPartOf":{"@id":"http:\/\/kwartet.com.pl\/#website"},"datePublished":"2019-03-07T10:38:21+00:00","dateModified":"2019-03-07T10:38:22+00:00","breadcrumb":{"@id":"http:\/\/kwartet.com.pl\/de\/dienstleistungen\/dolmetschdienstleistungen\/#breadcrumb"},"inLanguage":"de","potentialAction":[{"@type":"ReadAction","target":["http:\/\/kwartet.com.pl\/de\/dienstleistungen\/dolmetschdienstleistungen\/"]}]},{"@type":"BreadcrumbList","@id":"http:\/\/kwartet.com.pl\/de\/dienstleistungen\/dolmetschdienstleistungen\/#breadcrumb","itemListElement":[{"@type":"ListItem","position":1,"name":"Strona g\u0142\u00f3wna","item":"http:\/\/kwartet.com.pl\/de\/"},{"@type":"ListItem","position":2,"name":"Dienstleistungen","item":"http:\/\/kwartet.com.pl\/de\/dienstleistungen\/"},{"@type":"ListItem","position":3,"name":"Dolmetschdienstleistungen"}]},{"@type":"WebSite","@id":"http:\/\/kwartet.com.pl\/#website","url":"http:\/\/kwartet.com.pl\/","name":"Kwartet","description":"","publisher":{"@id":"http:\/\/kwartet.com.pl\/#organization"},"potentialAction":[{"@type":"SearchAction","target":{"@type":"EntryPoint","urlTemplate":"http:\/\/kwartet.com.pl\/?s={search_term_string}"},"query-input":"required name=search_term_string"}],"inLanguage":"de"},{"@type":"Organization","@id":"http:\/\/kwartet.com.pl\/#organization","name":"Kwartet","url":"http:\/\/kwartet.com.pl\/","logo":{"@type":"ImageObject","inLanguage":"de","@id":"http:\/\/kwartet.com.pl\/#\/schema\/logo\/image\/","url":"http:\/\/kwartet.com.pl\/wp-content\/uploads\/2019\/02\/cropped-logo.png","contentUrl":"http:\/\/kwartet.com.pl\/wp-content\/uploads\/2019\/02\/cropped-logo.png","width":253,"height":124,"caption":"Kwartet"},"image":{"@id":"http:\/\/kwartet.com.pl\/#\/schema\/logo\/image\/"}}]}},"_links":{"self":[{"href":"http:\/\/kwartet.com.pl\/de\/wp-json\/wp\/v2\/pages\/747\/"}],"collection":[{"href":"http:\/\/kwartet.com.pl\/de\/wp-json\/wp\/v2\/pages\/"}],"about":[{"href":"http:\/\/kwartet.com.pl\/de\/wp-json\/wp\/v2\/types\/page\/"}],"author":[{"embeddable":true,"href":"http:\/\/kwartet.com.pl\/de\/wp-json\/wp\/v2\/users\/2\/"}],"replies":[{"embeddable":true,"href":"http:\/\/kwartet.com.pl\/de\/wp-json\/wp\/v2\/comments\/?post=747"}],"version-history":[{"count":1,"href":"http:\/\/kwartet.com.pl\/de\/wp-json\/wp\/v2\/pages\/747\/revisions\/"}],"predecessor-version":[{"id":748,"href":"http:\/\/kwartet.com.pl\/de\/wp-json\/wp\/v2\/pages\/747\/revisions\/748\/"}],"up":[{"embeddable":true,"href":"http:\/\/kwartet.com.pl\/de\/wp-json\/wp\/v2\/pages\/743\/"}],"wp:featuredmedia":[{"embeddable":true,"href":"http:\/\/kwartet.com.pl\/de\/wp-json\/wp\/v2\/media\/795\/"}],"wp:attachment":[{"href":"http:\/\/kwartet.com.pl\/de\/wp-json\/wp\/v2\/media\/?parent=747"}],"curies":[{"name":"wp","href":"https:\/\/api.w.org\/{rel}","templated":true}]}}